{"id":8,"date":"2020-11-27T15:19:56","date_gmt":"2020-11-27T14:19:56","guid":{"rendered":"http:\/\/www.federationdesclubspanhardetlevassor.com\/?page_id=8"},"modified":"2020-11-27T15:51:33","modified_gmt":"2020-11-27T14:51:33","slug":"contact","status":"publish","type":"page","link":"https:\/\/www.federationdesclubspanhardetlevassor.com\/index.php\/contact\/","title":{"rendered":"Contact"},"content":{"rendered":"\n<p><strong>F\u00c9D\u00c9RATION DES CLUBS PANHARD ET LEVASSOR<\/strong><br>C\/o Beno\u00eet Andr\u00e9,<br>15 avenue de Tourville<br>75007 Paris<br>France<br>T\u00e9l. 06 37 35 91 90 \/ <a href=\"mailto:benoitandre14@gmail.com?subject=une%20demande%20depuis%20le%20site%20LVA-auto.fr\">benoitandre14[@]gmail.com<\/a><\/p>\n","protected":false},"excerpt":{"rendered":"<p>F\u00c9D\u00c9RATION DES CLUBS PANHARD ET LEVASSORC\/o Beno\u00eet Andr\u00e9,15 avenue de Tourville75007 ParisFranceT\u00e9l. 06 37 35 91 90 \/ benoitandre14[@]gmail.com<\/p>\n","protected":false},"author":1,"featured_media":0,"parent":0,"menu_order":0,"comment_status":"closed","ping_status":"closed","template":"","meta":{"footnotes":""},"class_list":["post-8","page","type-page","status-publish","hentry"],"_links":{"self":[{"href":"https:\/\/www.federationdesclubspanhardetlevassor.com\/index.php\/wp-json\/wp\/v2\/pages\/8","targetHints":{"allow":["GET"]}}],"collection":[{"href":"https:\/\/www.federationdesclubspanhardetlevassor.com\/index.php\/wp-json\/wp\/v2\/pages"}],"about":[{"href":"https:\/\/www.federationdesclubspanhardetlevassor.com\/index.php\/wp-json\/wp\/v2\/types\/page"}],"author":[{"embeddable":true,"href":"https:\/\/www.federationdesclubspanhardetlevassor.com\/index.php\/wp-json\/wp\/v2\/users\/1"}],"replies":[{"embeddable":true,"href":"https:\/\/www.federationdesclubspanhardetlevassor.com\/index.php\/wp-json\/wp\/v2\/comments?post=8"}],"version-history":[{"count":4,"href":"https:\/\/www.federationdesclubspanhardetlevassor.com\/index.php\/wp-json\/wp\/v2\/pages\/8\/revisions"}],"predecessor-version":[{"id":58,"href":"https:\/\/www.federationdesclubspanhardetlevassor.com\/index.php\/wp-json\/wp\/v2\/pages\/8\/revisions\/58"}],"wp:attachment":[{"href":"https:\/\/www.federationdesclubspanhardetlevassor.com\/index.php\/wp-json\/wp\/v2\/media?parent=8"}],"curies":[{"name":"wp","href":"https:\/\/api.w.org\/{rel}","templated":true}]}}