{"id":151,"date":"2020-12-22T17:21:32","date_gmt":"2020-12-22T16:21:32","guid":{"rendered":"https:\/\/www.federationdesclubspanhardetlevassor.com\/?page_id=151"},"modified":"2021-01-31T16:51:53","modified_gmt":"2021-01-31T15:51:53","slug":"sur-le-web-on-the-web","status":"publish","type":"page","link":"https:\/\/www.federationdesclubspanhardetlevassor.com\/index.php\/sur-le-web-on-the-web\/","title":{"rendered":"Sur le Web\/On the Web"},"content":{"rendered":"\n<p>Les m\u00e9dias sociaux sont une cave d&#8217;Ali Baba pour \u00e9changer des nouvelles, trouver des informations, des photos, des documents et m\u00eame des voitures \u00e0 vendre. Sans fronti\u00e8res en plus!<\/p>\n\n\n\n<p><em>Social media are an Ali Baba&#8217;s cave to exchange news, sales, find information, pictures, documents and even cars for sale. And without borders<\/em>!<\/p>\n\n\n\n<p><strong>FACEBOOK<\/strong> <strong>PAGES\/GROUPS<\/strong><\/p>\n\n\n\n<p><a href=\"https:\/\/www.facebook.com\/Panhardclub.nl\" data-type=\"URL\" data-id=\"https:\/\/www.facebook.com\/Panhardclub.nl\"><strong>Panhardclub.nl<\/strong><\/a><\/p>\n\n\n\n<p><strong><a href=\"https:\/\/www.facebook.com\/groups\/1572426649664765\" data-type=\"URL\" data-id=\"https:\/\/www.facebook.com\/groups\/1572426649664765\">PANHARD immatricul\u00e9es en France<\/a><\/strong><\/p>\n\n\n\n<p><strong><a href=\"https:\/\/www.facebook.com\/groups\/528437124431206\" data-type=\"URL\" data-id=\"https:\/\/www.facebook.com\/groups\/528437124431206\">La Concession Panhard<\/a><\/strong><\/p>\n\n\n\n<p><strong><a href=\"https:\/\/www.facebook.com\/groups\/148790628804002\" data-type=\"URL\" data-id=\"https:\/\/www.facebook.com\/groups\/148790628804002\">Panhard Club USA<\/a><\/strong><\/p>\n\n\n\n<p><strong><a href=\"https:\/\/www.facebook.com\/panhardisium\" data-type=\"URL\">Panhard<\/a><\/strong><\/p>\n\n\n\n<p><strong><a href=\"https:\/\/www.facebook.com\/groups\/359201501702229\" data-type=\"URL\" data-id=\"https:\/\/www.facebook.com\/groups\/359201501702229\">Les Panhard 6CS et 6DS Panoramique et autres (1933-1937)<\/a><\/strong><\/p>\n\n\n\n<p><a href=\"https:\/\/www.facebook.com\/panhardlevassor.paredeportugal\" data-type=\"URL\" data-id=\"https:\/\/www.facebook.com\/panhardlevassor.paredeportugal\"><strong>Panhard Levassor Parede Portugal<\/strong><\/a><\/p>\n\n\n\n<p><strong><a href=\"https:\/\/www.facebook.com\/groups\/AmicaleD.B\" data-type=\"URL\" data-id=\"https:\/\/www.facebook.com\/groups\/AmicaleD.B\">Amicale D.B<\/a><\/strong><\/p>\n\n\n\n<p><strong><a href=\"https:\/\/www.facebook.com\/groups\/221904812579331\" data-type=\"URL\" data-id=\"https:\/\/www.facebook.com\/groups\/221904812579331\">Camions, Bus et Cars Panhard et Levassor avant-guerre<\/a><\/strong><\/p>\n\n\n\n<figure class=\"wp-block-image alignwide size-large\"><img loading=\"lazy\" decoding=\"async\" width=\"1024\" height=\"683\" src=\"https:\/\/www.federationdesclubspanhardetlevassor.com\/wp-content\/uploads\/2020\/12\/PDCF3918-1-1024x683.jpg\" alt=\"\" class=\"wp-image-154\" srcset=\"https:\/\/www.federationdesclubspanhardetlevassor.com\/wp-content\/uploads\/2020\/12\/PDCF3918-1-1024x683.jpg 1024w, https:\/\/www.federationdesclubspanhardetlevassor.com\/wp-content\/uploads\/2020\/12\/PDCF3918-1-300x200.jpg 300w, https:\/\/www.federationdesclubspanhardetlevassor.com\/wp-content\/uploads\/2020\/12\/PDCF3918-1-768x512.jpg 768w, https:\/\/www.federationdesclubspanhardetlevassor.com\/wp-content\/uploads\/2020\/12\/PDCF3918-1-1536x1024.jpg 1536w, https:\/\/www.federationdesclubspanhardetlevassor.com\/wp-content\/uploads\/2020\/12\/PDCF3918-1-2048x1365.jpg 2048w, https:\/\/www.federationdesclubspanhardetlevassor.com\/wp-content\/uploads\/2020\/12\/PDCF3918-1-1200x800.jpg 1200w, https:\/\/www.federationdesclubspanhardetlevassor.com\/wp-content\/uploads\/2020\/12\/PDCF3918-1-1980x1320.jpg 1980w\" sizes=\"auto, (max-width: 1024px) 100vw, 1024px\" \/><\/figure>\n\n\n\n<p><strong>Sites bien interessantes&#8230;<\/strong>\/<em>Interesting websites&#8230;<\/em><\/p>\n\n\n\n<p>Il y a des amateurs Panhard avec des sites pleins d&#8217;informations, photos, documents et voitures et pi\u00e8ces \u00e0 vender&#8230;<\/p>\n\n\n\n<p> <em>Some people have extensive websites and blogs with information, pictures, documents and even cars and spare parts for sale.<\/em><\/p>\n\n\n\n<p><a rel=\"noreferrer noopener\" href=\"http:\/\/panhard-racing-team.fr\" data-type=\"URL\" data-id=\"http:\/\/panhard-racing-team.fr\" target=\"_blank\"><strong>Panhard Racing Team<\/strong><\/a><\/p>\n\n\n\n<p><a href=\"http:\/\/Panhardis.com\" data-type=\"URL\" data-id=\"Panhardis.com\" target=\"_blank\" rel=\"noreferrer noopener\"><strong>Panhardis, Pi\u00e8ces Panhard<\/strong><\/a><\/p>\n\n\n\n<p><a rel=\"noreferrer noopener\" href=\"http:\/\/forumpanhard.free.fr\/forum\/\" data-type=\"URL\" data-id=\"http:\/\/forumpanhard.free.fr\/forum\/\" target=\"_blank\"><strong>Panhard Forum<\/strong><\/a><\/p>\n\n\n\n<p><a rel=\"noreferrer noopener\" href=\"http:\/\/www.mjscrane.com\/panhard\/\" data-type=\"URL\" data-id=\"http:\/\/www.mjscrane.com\/panhard\/\" target=\"_blank\"><strong>Mike Cranes Panhard Blog<\/strong><\/a><\/p>\n\n\n\n<p><\/p>\n\n\n\n<p><\/p>\n","protected":false},"excerpt":{"rendered":"<p>Les m\u00e9dias sociaux sont une cave d&#8217;Ali Baba pour \u00e9changer des nouvelles, trouver des informations, des photos, des documents et m\u00eame des voitures \u00e0 vendre. Sans fronti\u00e8res en plus! Social media are an Ali Baba&#8217;s cave to exchange news, sales, find information, pictures, documents and even cars for sale. And without borders! FACEBOOK PAGES\/GROUPS Panhardclub.nl [&hellip;]<\/p>\n","protected":false},"author":2,"featured_media":0,"parent":0,"menu_order":0,"comment_status":"closed","ping_status":"closed","template":"","meta":{"footnotes":""},"class_list":["post-151","page","type-page","status-publish","hentry"],"_links":{"self":[{"href":"https:\/\/www.federationdesclubspanhardetlevassor.com\/index.php\/wp-json\/wp\/v2\/pages\/151","targetHints":{"allow":["GET"]}}],"collection":[{"href":"https:\/\/www.federationdesclubspanhardetlevassor.com\/index.php\/wp-json\/wp\/v2\/pages"}],"about":[{"href":"https:\/\/www.federationdesclubspanhardetlevassor.com\/index.php\/wp-json\/wp\/v2\/types\/page"}],"author":[{"embeddable":true,"href":"https:\/\/www.federationdesclubspanhardetlevassor.com\/index.php\/wp-json\/wp\/v2\/users\/2"}],"replies":[{"embeddable":true,"href":"https:\/\/www.federationdesclubspanhardetlevassor.com\/index.php\/wp-json\/wp\/v2\/comments?post=151"}],"version-history":[{"count":8,"href":"https:\/\/www.federationdesclubspanhardetlevassor.com\/index.php\/wp-json\/wp\/v2\/pages\/151\/revisions"}],"predecessor-version":[{"id":241,"href":"https:\/\/www.federationdesclubspanhardetlevassor.com\/index.php\/wp-json\/wp\/v2\/pages\/151\/revisions\/241"}],"wp:attachment":[{"href":"https:\/\/www.federationdesclubspanhardetlevassor.com\/index.php\/wp-json\/wp\/v2\/media?parent=151"}],"curies":[{"name":"wp","href":"https:\/\/api.w.org\/{rel}","templated":true}]}}